{"id":12,"date":"2016-03-09T13:58:19","date_gmt":"2016-03-09T10:58:19","guid":{"rendered":"http:\/\/accountant.azelab.com\/?page_id=12"},"modified":"2018-01-26T16:23:29","modified_gmt":"2018-01-26T16:23:29","slug":"nosotros","status":"publish","type":"page","link":"http:\/\/samceyas.com\/es\/nosotros\/","title":{"rendered":"Nosotros"},"content":{"rendered":"<p>[vc_row full_width=\u00bbstretch_row\u00bb el_class=\u00bbmain-text\u00bb css=\u00bb.vc_custom_1465319363288{padding-top: 6% !important;padding-bottom: 6% !important;background-image: url(http:\/\/accountant.azelab.com\/wp-content\/uploads\/2016\/03\/shutterstock_779.jpg?id=2266) !important;background-position: center !important;background-repeat: no-repeat !important;background-size: cover !important;}\u00bb][vc_column][vc_row_inner][vc_column_inner width=\u00bb1\/2&#8243;][vc_custom_heading text=\u00bbSOBRE <strong>NOSOTROS<\/strong>\u00bb font_container=\u00bbtag:h3|font_size:22px|text_align:left|color:%23000000|line_height:32px\u00bb use_theme_fonts=\u00bbyes\u00bb css=\u00bb.vc_custom_1516981140315{margin-top: 0px !important;margin-bottom: 40px !important;border-bottom-width: 5px !important;border-left-width: 5px !important;padding-top: 5px !important;padding-bottom: 18px !important;padding-left: 18px !important;border-left-color: #f8f8f8 !important;border-left-style: solid !important;border-bottom-color: #f8f8f8 !important;border-bottom-style: solid !important;}\u00bb][vc_column_text css_animation=\u00bbfadeInDown\u00bb]<\/p>\n<p style=\"text-align: justify;\">Samaniego, Cede\u00f1o y Asociados es una Sociedad Civil constituida mediante Escritura P\u00fablica N\u00ba 9763 de 8 de octubre de 1992, autorizada para ejercer como Firma de Auditores, a trav\u00e9s de la Resoluci\u00f3n N\u00ba PJ-106 del 14 de abril de 1993, emitida por la Junta T\u00e9cnica de Contabilidad del Ministerio de Comercio e Industrias de la Rep\u00fablica de Panam\u00e1, ente regulador de los profesionales de la contabilidad, seg\u00fan lo estipula la Ley N\u00ba 57 de 1 de septiembre de 1978.<\/p>\n<p style=\"text-align: justify;\">La Firma actualmente cuenta con una estructura permanente conformada por doce (12) profesionales. Entre los que se cuentan los Contadores P\u00fablicos Osvaldo Samaniego Aguilar y Dar\u00edo E. Cede\u00f1o Villarreal, socios fundadores.<\/p>\n<p>[\/vc_column_text][\/vc_column_inner][vc_column_inner width=\u00bb1\/2&#8243;][vc_single_image image=\u00bb2998&#8243; img_size=\u00bbfull\u00bb alignment=\u00bbright\u00bb css_animation=\u00bbfadeInDown\u00bb][\/vc_column_inner][\/vc_row_inner][\/vc_column][\/vc_row]<\/p>\n","protected":false},"excerpt":{"rendered":"<p>[vc_row full_width=\u00bbstretch_row\u00bb el_class=\u00bbmain-text\u00bb css=\u00bb.vc_custom_1465319363288{padding-top: 6% !important;padding-bottom: 6% !important;background-image: url(http:\/\/accountant.azelab.com\/wp-content\/uploads\/2016\/03\/shutterstock_779.jpg?id=2266) !important;background-position: center !important;background-repeat: no-repeat !important;background-size: cover !important;}\u00bb][vc_column][vc_row_inner][vc_column_inner width=\u00bb1\/2&#8243;][vc_custom_heading text=\u00bbSOBRE NOSOTROS\u00bb font_container=\u00bbtag:h3|font_size:22px|text_align:left|color:%23000000|line_height:32px\u00bb use_theme_fonts=\u00bbyes\u00bb css=\u00bb.vc_custom_1516981140315{margin-top: 0px !important;margin-bottom: 40px !important;border-bottom-width: 5px !important;border-left-width: 5px !important;padding-top: 5px !important;padding-bottom: 18px !important;padding-left: 18px !important;border-left-color: #f8f8f8 !important;border-left-style: solid !important;border-bottom-color: #f8f8f8 !important;border-bottom-style: solid !important;}\u00bb][vc_column_text css_animation=\u00bbfadeInDown\u00bb] Samaniego, Cede\u00f1o y Asociados es una Sociedad Civil constituida mediante [&hellip;]<\/p>\n","protected":false},"author":1,"featured_media":0,"parent":0,"menu_order":0,"comment_status":"open","ping_status":"closed","template":"","meta":[],"_links":{"self":[{"href":"http:\/\/samceyas.com\/es\/wp-json\/wp\/v2\/pages\/12"}],"collection":[{"href":"http:\/\/samceyas.com\/es\/wp-json\/wp\/v2\/pages"}],"about":[{"href":"http:\/\/samceyas.com\/es\/wp-json\/wp\/v2\/types\/page"}],"author":[{"embeddable":true,"href":"http:\/\/samceyas.com\/es\/wp-json\/wp\/v2\/users\/1"}],"replies":[{"embeddable":true,"href":"http:\/\/samceyas.com\/es\/wp-json\/wp\/v2\/comments?post=12"}],"version-history":[{"count":7,"href":"http:\/\/samceyas.com\/es\/wp-json\/wp\/v2\/pages\/12\/revisions"}],"predecessor-version":[{"id":2999,"href":"http:\/\/samceyas.com\/es\/wp-json\/wp\/v2\/pages\/12\/revisions\/2999"}],"wp:attachment":[{"href":"http:\/\/samceyas.com\/es\/wp-json\/wp\/v2\/media?parent=12"}],"curies":[{"name":"wp","href":"https:\/\/api.w.org\/{rel}","templated":true}]}}